{"id":66,"date":"2023-04-27T17:04:56","date_gmt":"2023-04-27T20:04:56","guid":{"rendered":"http:\/\/silviaalcantara.com\/?page_id=66"},"modified":"2023-10-03T19:04:51","modified_gmt":"2023-10-03T22:04:51","slug":"no-brasil","status":"publish","type":"page","link":"https:\/\/silviaalcantara.com\/?page_id=66","title":{"rendered":"Ensaios no Brasil"},"content":{"rendered":"\n    <div\n      class=\"alignfull flex-block flex-block--blockID--7bb77f37381e\"\n      data-block-id=\"blockID--7bb77f37381e\" \n      id=\"flex-blockid--7bb77f37381e\"\n      \n    >\n    <style> @media only screen and (min-width: 768px) { .flex-block--blockID--7bb77f37381e { --html-font-size: 1.25vw; --height:33.375em; --bg-color: var(--scheme_1--background--default); --margin-top: 0em; --margin-bottom: 0em; } } @media only screen and (max-width: 767px) { .flex-block--blockID--7bb77f37381e { --html-font-size: 4.2666666666667vw; --height: 44.625em; --bg-color: var(--scheme_1--background--default); --margin-top: 0em; --margin-bottom: 0em; } } <\/style>\n    <div class=\"flex-block__main-container server-rendered\"><style> .flex-block__element--block-blockID--7bb77f37381e.flex-block__element--element_id_25562, .flex-element-animation-helper[data-id='element_id_25562'][data-block-id='blockID--7bb77f37381e'] { --el-width: 72.493em; --el-width-tablet: 72.493em; --el-height: 26.61064em; --el-height-tablet: 26.61064em; --el-actual-height: 26.61064em; --el-actual-height-tablet: 26.61064em; --position-top: 6.94678em; --position-top-tablet: 6.94678em; --position-left: 3.78151em; --position-left-tablet: 3.78151em; --rotateDeg: 0deg; --z-index: 1; --border-radius: 0px; --backgroundColor: var(--scheme_1--background--accent); } @media only screen and (max-width: 767px) { .flex-block__element--block-blockID--7bb77f37381e.flex-block__element--element_id_25562, .flex-element-animation-helper[data-id='element_id_25562'][data-block-id='blockID--7bb77f37381e'] { --el-width: 19.6875em; --el-width-tablet: 19.6875em; --el-height: 40.875em; --el-height-tablet: 40.875em; --el-actual-height: 40.875em; --el-actual-height-tablet: 40.875em; --position-top: 1.875em; --position-top-tablet: 1.875em; --position-left: 1.875em; --position-left-tablet: 1.875em; --rotateDeg: 0deg; --z-index: 1; --border-radius: 0px; --backgroundColor: var(--scheme_1--background--accent); } } \/*ANIMATION START*\/\/*ANIMATION END*\/ .flex-block__element--block-blockID--7bb77f37381e.flex-block__element--element_id_39768, .flex-element-animation-helper[data-id='element_id_39768'][data-block-id='blockID--7bb77f37381e'] { --el-width: 1px; --el-width-tablet: 1px; --el-height: 19.125em; --el-height-tablet: 19.125em; --el-actual-height: 19.125em; --el-actual-height-tablet: 19.125em; --position-top: 7.125em; --position-top-tablet: 7.125em; --position-left: 40em; --position-left-tablet: 40em; --rotateDeg: 0deg; --z-index: 3; --border-radius: 0px; --backgroundColor: var(--scheme_1--overline--accent); } @media only screen and (max-width: 767px) { .flex-block__element--block-blockID--7bb77f37381e.flex-block__element--element_id_39768, .flex-element-animation-helper[data-id='element_id_39768'][data-block-id='blockID--7bb77f37381e'] { --el-width: 0.0625em; --el-width-tablet: 0.0625em; --el-height: 11.6875em; --el-height-tablet: 11.6875em; --el-actual-height: 11.6875em; --el-actual-height-tablet: 11.6875em; --position-top: 10.9375em; --position-top-tablet: 10.9375em; --position-left: 11.6875em; --position-left-tablet: 11.6875em; --rotateDeg: -90deg; --z-index: 3; --border-radius: 0px; --backgroundColor: var(--scheme_1--overline--accent); } } \/*ANIMATION START*\/\/*ANIMATION END*\/ .flex-block__element--block-blockID--7bb77f37381e.flex-block__element--element_id_83259, .flex-element-animation-helper[data-id='element_id_83259'][data-block-id='blockID--7bb77f37381e'] { --el-width: 27.05882em; --el-width-tablet: 27.05882em; --el-height: 14.625em; --el-height-tablet: 14.625em; --el-actual-height: 14.625em; --el-actual-height-tablet: 14.625em; --position-top: 12.12885em; --position-top-tablet: 12.12885em; --position-left: 44.70588em; --position-left-tablet: 44.70588em; --rotateDeg: 0deg; --z-index: 2; --border-radius: 0px; --text-vertical-align: flex-start; --text-align: justify; --el-height: auto; --el-paddings: 0em 0em; } @media only screen and (max-width: 767px) { .flex-block__element--block-blockID--7bb77f37381e.flex-block__element--element_id_83259, .flex-element-animation-helper[data-id='element_id_83259'][data-block-id='blockID--7bb77f37381e'] { --el-width: 17.1875em; --el-width-tablet: 17.1875em; --el-height: 10.5em; --el-height-tablet: 10.5em; --el-actual-height: 10.5em; --el-actual-height-tablet: 10.5em; --position-top: 28.5em; --position-top-tablet: 28.5em; --position-left: 3.125em; --position-left-tablet: 3.125em; --rotateDeg: 0deg; --z-index: 2; --border-radius: 0px; --text-vertical-align: flex-start; --text-align: justify; --el-height: auto; --el-paddings: 0em 0em; } } \/*ANIMATION START*\/\/*ANIMATION END*\/ .flex-block__element--block-blockID--7bb77f37381e.flex-block__element--element_id_99575, .flex-element-animation-helper[data-id='element_id_99575'][data-block-id='blockID--7bb77f37381e'] { --el-width: 26.89076em; --el-width-tablet: 26.89076em; --el-height: 7.87501em; --el-height-tablet: 7.87501em; --el-actual-height: 7.87501em; --el-actual-height-tablet: 7.87501em; --position-top: 16.33053em; --position-top-tablet: 16.33053em; --position-left: 8.45938em; --position-left-tablet: 8.45938em; --rotateDeg: 0deg; --z-index: 4; --border-radius: 0px; --text-vertical-align: flex-start; --text-align: center; --font-family: Tenderness; --el-height: auto; --el-paddings: 0em 0em; } @media only screen and (max-width: 767px) { .flex-block__element--block-blockID--7bb77f37381e.flex-block__element--element_id_99575, .flex-element-animation-helper[data-id='element_id_99575'][data-block-id='blockID--7bb77f37381e'] { --el-width: 17.1875em; --el-width-tablet: 17.1875em; --el-height: 7.375em; --el-height-tablet: 7.375em; --el-actual-height: 7.375em; --el-actual-height-tablet: 7.375em; --position-top: 5.625em; --position-top-tablet: 5.625em; --position-left: 3.125em; --position-left-tablet: 3.125em; --rotateDeg: 0deg; --z-index: 4; --border-radius: 0px; --text-vertical-align: flex-start; --text-align: center; --font-family: Tenderness; --el-height: auto; --el-paddings: 0em 0em; } } \/*ANIMATION START*\/\/*ANIMATION END*\/<\/style><div class=\"flex-block__element flex-block__element--element_id_25562 flex-block__element--shape   flex-block__element--block-blockID--7bb77f37381e   flex-block__element--synced \" style=\"\"><\/div><div class=\"flex-block__element flex-block__element--element_id_39768 flex-block__element--shape   flex-block__element--block-blockID--7bb77f37381e   flex-block__element--synced  flex-block__element--vertical-line \" style=\"\"><\/div>\n    <div class=\"flex-block__element flex-block__element--element_id_83259 flex-block__element--text  flex-block__element--block-blockID--7bb77f37381e  flex-block__element--editorTagsFix  flex-block__element--synced \" style=\"\">\n      <div data-font='second_level\/paragraph' class=\"flex-block__text-content  height-auto\">\n        <p>Sou uma fot\u00f3grafa apaixonada por registrar momentos \u00fanicos e especiais de gestantes, casais apaixonados e fam\u00edlias felizes no Brasil. Meu objetivo \u00e9 capturar imagens que mostrem a ess\u00eancia e a emo\u00e7\u00e3o de cada momento, tornando-os inesquec\u00edveis. Seja em um ensaio de gestante, um casamento ou uma sess\u00e3o de fotos em fam\u00edlia, estou comprometida em criar imagens que transmitam amor e felicidade. Entre em contato para saber mais sobre meus servi\u00e7os de fotografia no Brasil.<\/p><p>Agenda aberta de ver\u00e3o a partir de outubro 2023! <\/p>\n      <\/div>\n    <\/div>\n  \n    <div class=\"flex-block__element flex-block__element--element_id_99575 flex-block__element--text  flex-block__element--block-blockID--7bb77f37381e  flex-block__element--editorTagsFix  flex-block__element--synced \" style=\"--font-size: 2.1875em;--line-height: 1.2em;--letter-spacing: 0.05em;\">\n      <div  class=\"flex-block__text-content  height-auto\">\n        <h2><span style=\"color:var(--scheme_1--text--accent)\"><span style=\"text-transform:uppercase\">revelando a poesia presente em cada instante<\/span><\/span><\/h2>\n      <\/div>\n    <\/div>\n  <\/div><\/div>\r\n\r\n\n    <div\n      class=\"alignfull flex-block flex-block--blockID--58f465cf48f1\"\n      data-block-id=\"blockID--58f465cf48f1\" \n      id=\"flex-blockid--58f465cf48f1\"\n      \n    >\n    <style> @media only screen and (min-width: 768px) { .flex-block--blockID--58f465cf48f1 { --html-font-size: 1.25vw; --height:41.666666666666664em; --bg-color: var(--scheme_1--background--default); --margin-top: 0em; --margin-bottom: 0em; } } @media only screen and (max-width: 767px) { .flex-block--blockID--58f465cf48f1 { --html-font-size: 4.2666666666667vw; --height: 41.6875em; --bg-color: var(--scheme_1--background--default); --margin-top: 0em; --margin-bottom: 0em; } } <\/style>\n    <div class=\"flex-block__main-container server-rendered\"><style> .flex-block__element--block-blockID--58f465cf48f1.flex-block__element--element_id_2a3a57acfe26, .flex-element-animation-helper[data-id='element_id_2a3a57acfe26'][data-block-id='blockID--58f465cf48f1'] { --el-width: 44.44444em; --el-width-tablet: 44.44444em; --el-height: 29.94444em; --el-height-tablet: 29.94444em; --el-actual-height: 29.94444em; --el-actual-height-tablet: 29.94444em; --position-top: 0.94444em; --position-top-tablet: 0.94444em; --position-left: 17.77778em; --position-left-tablet: 17.77778em; --rotateDeg: 0deg; --z-index: 2; } @media only screen and (max-width: 767px) { .flex-block__element--block-blockID--58f465cf48f1.flex-block__element--element_id_2a3a57acfe26, .flex-element-animation-helper[data-id='element_id_2a3a57acfe26'][data-block-id='blockID--58f465cf48f1'] { --el-width: 21.22222em; --el-width-tablet: 21.22222em; --el-height: 18.88889em; --el-height-tablet: 18.88889em; --el-actual-height: 18.88889em; --el-actual-height-tablet: 18.88889em; --position-top: 3.22222em; --position-top-tablet: 3.22222em; --position-left: 1.10764em; --position-left-tablet: 1.10764em; --rotateDeg: 0deg; --z-index: 1; } } \/*ANIMATION START*\/\/*ANIMATION END*\/ .flex-block__element--block-blockID--58f465cf48f1.flex-block__element--element_id_9745750b73e8, .flex-element-animation-helper[data-id='element_id_9745750b73e8'][data-block-id='blockID--58f465cf48f1'] { --el-width: 6.66667em; --el-width-tablet: 6.66667em; --el-height: 1.625em; --el-height-tablet: 1.625em; --el-actual-height: 1.625em; --el-actual-height-tablet: 1.625em; --position-top: 26.27778em; --position-top-tablet: 26.27778em; --position-left: 26.11111em; --position-left-tablet: 26.11111em; --rotateDeg: 0deg; --z-index: 3; --border-radius: 0px; --text-vertical-align: flex-start; --text-align: left; --el-height: auto; --el-paddings: 0em 0em; } \/*ANIMATION START*\/\/*ANIMATION END*\/ .flex-block__element--block-blockID--58f465cf48f1.flex-block__element--element_id_b470718c9094, .flex-element-animation-helper[data-id='element_id_b470718c9094'][data-block-id='blockID--58f465cf48f1'] { --el-width: 13.33333em; --el-width-tablet: 13.33333em; --el-height: 2.77778em; --el-height-tablet: 2.77778em; --el-actual-height: 2.77778em; --el-actual-height-tablet: 2.77778em; --position-top: 28.27778em; --position-top-tablet: 28.27778em; --position-left: 49.11111em; --position-left-tablet: 49.11111em; --rotateDeg: 0deg; --z-index: 1; } @media only screen and (max-width: 767px) { .flex-block__element--block-blockID--58f465cf48f1.flex-block__element--element_id_b470718c9094, .flex-element-animation-helper[data-id='element_id_b470718c9094'][data-block-id='blockID--58f465cf48f1'] { --el-width: 13.33333em; --el-width-tablet: 13.33333em; --el-height: 2.77778em; --el-height-tablet: 2.77778em; --el-actual-height: 2.77778em; --el-actual-height-tablet: 2.77778em; --position-top: 22.61111em; --position-top-tablet: 22.61111em; --position-left: 3.88889em; --position-left-tablet: 3.88889em; --rotateDeg: 0deg; --z-index: 2; } } \/*ANIMATION START*\/\/*ANIMATION END*\/<\/style>\n    <style>\n      .flex-block__element--element_id_2a3a57acfe26 \n      .flex-element-type-instagram__custom-link {\n        \n      line-height: 1.3;\n      font-size: 0.8125rem;\n      letter-spacing: 0em;\n      font-family: inherit;\n\n      font-weight: normal;\n      font-style: normal;\n      text-decoration: none;\n      text-transform: none;\n    \n      }\n    <\/style>\n    <div\n      class=\"\n      flex-block__element\n      flex-block__element--element_id_2a3a57acfe26\n      flex-block__element--instagram\n       flex-block__element--block-blockID--58f465cf48f1   flex-block__element--synced \n      \"\n      style=\"\n      \n    --img-amount:    1;\n    --imagesPerRow:  6;\n    --imagesGap:     0.625rem;\n    --link-color:    scheme_1\/text\/default;\n    --link-bg-color: scheme_1\/background\/default;\n  \n      \"\n    >\n      <div class=\"flex-element-type-instagram flex-element-type-instagram--layout-square\">\n        \n        <div class=\"flex-element-type-instagram__images-wrap\">\n          \n    <div class=\"\n      flex-element-type-instagram__link\n      flex-element-type-instagram__link--custom\n    \">\n      <img data-src=\"http:\/\/silviaalcantara.com\/wp-content\/uploads\/2023\/08\/Camila_gravidez-12-300x200.jpg\" alt=\"\" \/>\n    <\/div>\n  \n    <div class=\"\n      flex-element-type-instagram__link\n      flex-element-type-instagram__link--custom\n    \">\n      <img data-src=\"http:\/\/silviaalcantara.com\/wp-content\/uploads\/2023\/08\/Camila_gravidez-19-300x200.jpg\" alt=\"\" \/>\n    <\/div>\n  \n    <div class=\"\n      flex-element-type-instagram__link\n      flex-element-type-instagram__link--custom\n    \">\n      <img data-src=\"http:\/\/silviaalcantara.com\/wp-content\/uploads\/2023\/08\/Camila_gravidez-18-300x200.jpg\" alt=\"\" \/>\n    <\/div>\n  \n    <div class=\"\n      flex-element-type-instagram__link\n      flex-element-type-instagram__link--custom\n    \">\n      <img data-src=\"http:\/\/silviaalcantara.com\/wp-content\/uploads\/2023\/08\/Camila_gravidez-20-300x200.jpg\" alt=\"\" \/>\n    <\/div>\n  \n    <div class=\"\n      flex-element-type-instagram__link\n      flex-element-type-instagram__link--custom\n    \">\n      <img data-src=\"http:\/\/silviaalcantara.com\/wp-content\/uploads\/2023\/08\/Camila_gravidez-22-300x200.jpg\" alt=\"\" \/>\n    <\/div>\n  \n    <div class=\"\n      flex-element-type-instagram__link\n      flex-element-type-instagram__link--custom\n    \">\n      <img data-src=\"http:\/\/silviaalcantara.com\/wp-content\/uploads\/2023\/08\/Camila_gravidez-26-300x200.jpg\" alt=\"\" \/>\n    <\/div>\n  \n    <div class=\"\n      flex-element-type-instagram__link\n      flex-element-type-instagram__link--custom\n    \">\n      <img data-src=\"http:\/\/silviaalcantara.com\/wp-content\/uploads\/2023\/08\/Camila_gravidez-27-300x200.jpg\" alt=\"\" \/>\n    <\/div>\n  \n    <div class=\"\n      flex-element-type-instagram__link\n      flex-element-type-instagram__link--custom\n    \">\n      <img data-src=\"http:\/\/silviaalcantara.com\/wp-content\/uploads\/2023\/08\/Camila_gravidez-28-300x200.jpg\" alt=\"\" \/>\n    <\/div>\n  \n    <div class=\"\n      flex-element-type-instagram__link\n      flex-element-type-instagram__link--custom\n    \">\n      <img data-src=\"http:\/\/silviaalcantara.com\/wp-content\/uploads\/2023\/08\/Camila_gravidez-95-300x200.jpg\" alt=\"\" \/>\n    <\/div>\n  \n    <div class=\"\n      flex-element-type-instagram__link\n      flex-element-type-instagram__link--custom\n    \">\n      <img data-src=\"http:\/\/silviaalcantara.com\/wp-content\/uploads\/2023\/08\/Camila_gravidez-97-300x200.jpg\" alt=\"\" \/>\n    <\/div>\n  \n    <div class=\"\n      flex-element-type-instagram__link\n      flex-element-type-instagram__link--custom\n    \">\n      <img data-src=\"http:\/\/silviaalcantara.com\/wp-content\/uploads\/2023\/08\/Camila_gravidez-104-300x200.jpg\" alt=\"\" \/>\n    <\/div>\n  \n    <div class=\"\n      flex-element-type-instagram__link\n      flex-element-type-instagram__link--custom\n    \">\n      <img data-src=\"http:\/\/silviaalcantara.com\/wp-content\/uploads\/2023\/08\/Camila_gravidez-107-300x200.jpg\" alt=\"\" \/>\n    <\/div>\n  \n    <div class=\"\n      flex-element-type-instagram__link\n      flex-element-type-instagram__link--custom\n    \">\n      <img data-src=\"http:\/\/silviaalcantara.com\/wp-content\/uploads\/2023\/08\/Camila_gravidez-102-300x200.jpg\" alt=\"\" \/>\n    <\/div>\n  \n    <div class=\"\n      flex-element-type-instagram__link\n      flex-element-type-instagram__link--custom\n    \">\n      <img data-src=\"http:\/\/silviaalcantara.com\/wp-content\/uploads\/2023\/08\/Camila_gravidez-114-300x200.jpg\" alt=\"\" \/>\n    <\/div>\n  \n    <div class=\"\n      flex-element-type-instagram__link\n      flex-element-type-instagram__link--custom\n    \">\n      <img data-src=\"http:\/\/silviaalcantara.com\/wp-content\/uploads\/2023\/08\/Camila_gravidez-120-300x200.jpg\" alt=\"\" \/>\n    <\/div>\n  \n    <div class=\"\n      flex-element-type-instagram__link\n      flex-element-type-instagram__link--custom\n    \">\n      <img data-src=\"http:\/\/silviaalcantara.com\/wp-content\/uploads\/2023\/08\/Camila_gravidez-123-300x200.jpg\" alt=\"\" \/>\n    <\/div>\n  \n    <div class=\"\n      flex-element-type-instagram__link\n      flex-element-type-instagram__link--custom\n    \">\n      <img data-src=\"http:\/\/silviaalcantara.com\/wp-content\/uploads\/2023\/08\/Camila_gravidez-122-300x200.jpg\" alt=\"\" \/>\n    <\/div>\n  \n    <div class=\"\n      flex-element-type-instagram__link\n      flex-element-type-instagram__link--custom\n    \">\n      <img data-src=\"http:\/\/silviaalcantara.com\/wp-content\/uploads\/2023\/08\/Camila_gravidez-131-300x200.jpg\" alt=\"\" \/>\n    <\/div>\n  \n    <div class=\"\n      flex-element-type-instagram__link\n      flex-element-type-instagram__link--custom\n    \">\n      <img data-src=\"http:\/\/silviaalcantara.com\/wp-content\/uploads\/2023\/08\/Camila_gravidez-144-300x200.jpg\" alt=\"\" \/>\n    <\/div>\n  \n        <\/div>\n      <\/div>\n    <\/div>\n  <script data-element-id=\"flex-block__element--element_id_9745750b73e8\" data-element-device=\"desktop\" type=\"text\/template\">\n    &lt;div class=&quot;flex-block__element flex-block__element--element_id_9745750b73e8 flex-block__element--text  flex-block__element--block-blockID--58f465cf48f1  flex-block__element--editorTagsFix &quot; style=&quot;&quot;&gt;\n      &lt;div data-font=&#039;second_level\/paragraph&#039; class=&quot;flex-block__text-content  height-auto&quot;&gt;\n        &lt;p&gt;&lt;span style=&quot;color:var(--scheme_1--text--default)&quot;&gt;A espera de Kael&lt;\/span&gt;&lt;\/p&gt;\n      &lt;\/div&gt;\n    &lt;\/div&gt;\n  <\/script>\n    <div class=\"flex-block__element flex-block__element--element_id_b470718c9094 flex-block__element--socialLinks  flex-block__element--block-blockID--58f465cf48f1   flex-block__element--synced \" style=\"\">\n      <div\n        class=\"flex-element-type-socialLinks flex-element-type-socialLinks--horizontal\"\n        style=\"\n          --title-color: scheme_1\/text\/default;\n          --socials-text-color: scheme_1\/text\/default;\n          --socials-icon-color: scheme_1\/overline\/default;\n          --socials-bg-color: scheme_1\/overline\/accent;\n          --gap: 0.625rem;\n          --iconSize: 0.75rem;\n        \"\n      >\n        <div data-font=\"third_level\/overline_1\" style=\"\" class=\"flex-element-type-socialLinks__title\">Meu instagram <\/div>\n        <div class=\"flex-element-type-socialLinks__links-wrap flex-element-type-socialLinks__links-wrap--default\">\n      <a\n        class=\"flex-element-type-socialLinks__link flex-element-type-socialLinks__link--icons\"\n        target=\"_blank\"\n        rel=\"noopener noreferrer\"\n        href=\"https:\/\/www.instagram.com\/silviaalcantarafotografa\"\n        \n      >\n    <i class=\"flo-flex-icon-instagram\"><\/i>\n      <\/a>\n    <\/div>\n      <\/div>\n    <\/div>\n  <\/div><\/div>","protected":false},"excerpt":{"rendered":"","protected":false},"author":1,"featured_media":0,"parent":0,"menu_order":0,"comment_status":"closed","ping_status":"closed","template":"","meta":{"footnotes":""},"class_list":["post-66","page","type-page","status-publish","hentry"],"fbg_featured_image_src":{"full":false,"thumbnail":false,"medium":false,"medium_large":false,"large":false,"1536x1536":false,"2048x2048":false},"fbg_excerpt":null,"_links":{"self":[{"href":"https:\/\/silviaalcantara.com\/index.php?rest_route=\/wp\/v2\/pages\/66","targetHints":{"allow":["GET"]}}],"collection":[{"href":"https:\/\/silviaalcantara.com\/index.php?rest_route=\/wp\/v2\/pages"}],"about":[{"href":"https:\/\/silviaalcantara.com\/index.php?rest_route=\/wp\/v2\/types\/page"}],"author":[{"embeddable":true,"href":"https:\/\/silviaalcantara.com\/index.php?rest_route=\/wp\/v2\/users\/1"}],"replies":[{"embeddable":true,"href":"https:\/\/silviaalcantara.com\/index.php?rest_route=%2Fwp%2Fv2%2Fcomments&post=66"}],"version-history":[{"count":9,"href":"https:\/\/silviaalcantara.com\/index.php?rest_route=\/wp\/v2\/pages\/66\/revisions"}],"predecessor-version":[{"id":569,"href":"https:\/\/silviaalcantara.com\/index.php?rest_route=\/wp\/v2\/pages\/66\/revisions\/569"}],"wp:attachment":[{"href":"https:\/\/silviaalcantara.com\/index.php?rest_route=%2Fwp%2Fv2%2Fmedia&parent=66"}],"curies":[{"name":"wp","href":"https:\/\/api.w.org\/{rel}","templated":true}]}}