{"id":579,"date":"2024-06-30T14:32:42","date_gmt":"2024-06-30T17:32:42","guid":{"rendered":"https:\/\/silviaalcantara.com\/?page_id=579"},"modified":"2024-06-30T14:43:54","modified_gmt":"2024-06-30T17:43:54","slug":"workshop-inteligencia-artificial-e-a-fotografia","status":"publish","type":"page","link":"https:\/\/silviaalcantara.com\/?page_id=579","title":{"rendered":"Curso Midjourney"},"content":{"rendered":"\n<figure class=\"wp-block-pullquote\"><blockquote><p><strong>Workshop Intelig\u00eancia Artificial e a Fotografia<\/strong><\/p><cite>Parceria Silvia Alcantara e VivaRua<\/cite><\/blockquote><\/figure>\n\n\n\n<div class=\"workshop-content\" style=\"text-align: justify;\">\n    <h3>Modalidade 100% ONLINE, AO VIVO<\/h3>\n    \n    <p>Sim, o futuro da fotografia e das artes em geral est\u00e1 muito incerto, afinal, estamos na era das incertezas. Mas afinal, o que envolve estas mudan\u00e7as e o que podemos fazer com elas? Nesta s\u00e9rie de Workshops e Oficinas que estamos propondo, abordaremos as principais influ\u00eancias tecnol\u00f3gicas que a fotografia est\u00e1 envolvida.<\/p>\n    \n    <h3>O que ser\u00e1 abordado<\/h3>\n    <ul>\n        <li>A fotografia expandida e suas possibilidades criativas<\/li>\n        <li>Apresenta\u00e7\u00e3o de projetos que envolvam a cria\u00e7\u00e3o de imagens utilizando a IA<\/li>\n        <li>Apresenta\u00e7\u00e3o do Midjourney: uma plataforma de IA para cria\u00e7\u00e3o visual<\/li>\n        <li>Demonstra\u00e7\u00e3o pr\u00e1tica da plataforma do Midjourney<\/li>\n        <li>Demonstra\u00e7\u00e3o pr\u00e1tica do Midjourney: recursos, ferramentas e fluxo de trabalho<\/li>\n        <li>Cria\u00e7\u00e3o de imagens: prompts e par\u00e2metros<\/li>\n        <li>Utiliza\u00e7\u00e3o da IA para expandir projetos fotogr\u00e1ficos<\/li>\n        <li>Cria\u00e7\u00e3o de imagens: prompts e par\u00e2metros avan\u00e7ados<\/li>\n        <li>Apresenta\u00e7\u00e3o das imagens geradas pelos participantes<\/li>\n    <\/ul>\n    \n    <h3>IMPORTANTE<\/h3>\n    <p>\u00c9 necess\u00e1rio assinarr o plano b\u00e1sico do Midjourney durante o m\u00eas do workshop, no valor de 10 d\u00f3lares, para produzir e gerar as imagens.<\/p>\n    \n    <h3>Para quem esta oficina \u00e9 destinada?<\/h3>\n    <p>Fot\u00f3grafos, videomakers, artistas visuais ou qualquer pessoa interessada em usar a ferramenta.<\/p>\n    \n    <p>Para se inscrever, acesse o link: <a href=\"https:\/\/www.vivarua.com.br\/workshops-oficinas\/workshop-fotografia-com-inteligencia-artificial\" target=\"_blank\" rel=\"noopener\">Inscri\u00e7\u00e3o para o Workshop de Fotografia com Intelig\u00eancia Artificial<\/a><\/p>\n<\/div>\n","protected":false},"excerpt":{"rendered":"<p>Workshop Intelig\u00eancia Artificial e a FotografiaParceria Silvia Alcantara e VivaRua Modalidade 100% ONLINE, AO VIVO Sim, o futuro da fotografia e das artes em geral est\u00e1 muito incerto, afinal, estamos na era das incertezas. Mas afinal, o que envolve estas mudan\u00e7as e o que podemos fazer com elas? Nesta s\u00e9rie de Workshops e Oficinas que&#8230;<\/p>\n","protected":false},"author":1,"featured_media":0,"parent":0,"menu_order":0,"comment_status":"closed","ping_status":"closed","template":"","meta":{"footnotes":""},"class_list":["post-579","page","type-page","status-publish","hentry"],"fbg_featured_image_src":{"full":false,"thumbnail":false,"medium":false,"medium_large":false,"large":false,"1536x1536":false,"2048x2048":false},"fbg_excerpt":"Workshop Intelig\u00eancia Artificial e a FotografiaParceria Silvia Alcantara e VivaRua Modalidade 100% ONLINE, AO VIVO Sim, o futuro da fotografia e das artes em geral est\u00e1 muito incerto, afinal, estamos na era das incertezas. Mas afinal, o que envolve estas mudan\u00e7as e o que podemos fazer com elas? Nesta s\u00e9rie de Workshops e Oficinas que...","_links":{"self":[{"href":"https:\/\/silviaalcantara.com\/index.php?rest_route=\/wp\/v2\/pages\/579","targetHints":{"allow":["GET"]}}],"collection":[{"href":"https:\/\/silviaalcantara.com\/index.php?rest_route=\/wp\/v2\/pages"}],"about":[{"href":"https:\/\/silviaalcantara.com\/index.php?rest_route=\/wp\/v2\/types\/page"}],"author":[{"embeddable":true,"href":"https:\/\/silviaalcantara.com\/index.php?rest_route=\/wp\/v2\/users\/1"}],"replies":[{"embeddable":true,"href":"https:\/\/silviaalcantara.com\/index.php?rest_route=%2Fwp%2Fv2%2Fcomments&post=579"}],"version-history":[{"count":8,"href":"https:\/\/silviaalcantara.com\/index.php?rest_route=\/wp\/v2\/pages\/579\/revisions"}],"predecessor-version":[{"id":588,"href":"https:\/\/silviaalcantara.com\/index.php?rest_route=\/wp\/v2\/pages\/579\/revisions\/588"}],"wp:attachment":[{"href":"https:\/\/silviaalcantara.com\/index.php?rest_route=%2Fwp%2Fv2%2Fmedia&parent=579"}],"curies":[{"name":"wp","href":"https:\/\/api.w.org\/{rel}","templated":true}]}}